{"id":3,"date":"2023-03-21T22:34:22","date_gmt":"2023-03-21T22:34:22","guid":{"rendered":"https:\/\/sabirengenharias.pt\/?page_id=3"},"modified":"2023-09-11T12:41:51","modified_gmt":"2023-09-11T11:41:51","slug":"politica-privacidade","status":"publish","type":"page","link":"https:\/\/sabirengenharias.pt\/en\/politica-privacidade\/","title":{"rendered":"Pol\u00edtica de privacidade"},"content":{"rendered":"<div data-elementor-type=\"wp-page\" data-elementor-id=\"3\" class=\"elementor elementor-3\">\n\t\t\t\t\t\t\t\t\t<section class=\"elementor-section elementor-top-section elementor-element elementor-element-2a37f38 elementor-section-boxed elementor-section-height-default elementor-section-height-default\" data-id=\"2a37f38\" data-element_type=\"section\" data-settings=\"{&quot;background_background&quot;:&quot;classic&quot;}\">\n\t\t\t\t\t\t\t<div class=\"elementor-background-overlay\"><\/div>\n\t\t\t\t\t\t\t<div class=\"elementor-container elementor-column-gap-default\">\n\t\t\t\t\t<div class=\"elementor-column elementor-col-100 elementor-top-column elementor-element elementor-element-5c93b03\" data-id=\"5c93b03\" data-element_type=\"column\">\n\t\t\t<div class=\"elementor-widget-wrap elementor-element-populated\">\n\t\t\t\t\t\t\t\t<div class=\"elementor-element elementor-element-a27b15a elementor-widget elementor-widget-hub_fancy_heading\" data-id=\"a27b15a\" data-element_type=\"widget\" data-widget_type=\"hub_fancy_heading.default\">\n\t\t\t\t<div class=\"elementor-widget-container\">\n\t\t\t\n\t\t<div id=\"ld-fancy-heading-69f299eda5c61\" class=\"ld-fancy-heading pos-rel\">\n\t\t\t<h2 class=\"ld-fh-element d-inline-block pos-rel  elementor-heading-title lqd-highlight-classic lqd-highlight-grow-left h2\"  > Privacy Policy<\/h2>\t\t<\/div>\n\n\t\t\t\t<\/div>\n\t\t\t\t<\/div>\n\t\t\t\t\t<\/div>\n\t\t<\/div>\n\t\t\t\t\t\t\t<\/div>\n\t\t<\/section>\n\t\t\t\t<section class=\"elementor-section elementor-top-section elementor-element elementor-element-7600b1c1 elementor-section-boxed elementor-section-height-default elementor-section-height-default\" data-id=\"7600b1c1\" data-element_type=\"section\">\n\t\t\t\t\t\t<div class=\"elementor-container elementor-column-gap-default\">\n\t\t\t\t\t<div class=\"elementor-column elementor-col-100 elementor-top-column elementor-element elementor-element-2ff9df55\" data-id=\"2ff9df55\" data-element_type=\"column\">\n\t\t\t<div class=\"elementor-widget-wrap elementor-element-populated\">\n\t\t\t\t\t\t\t\t<div class=\"elementor-element elementor-element-38ac6fd elementor-widget elementor-widget-hub_fancy_heading\" data-id=\"38ac6fd\" data-element_type=\"widget\" data-widget_type=\"hub_fancy_heading.default\">\n\t\t\t\t<div class=\"elementor-widget-container\">\n\t\t\t\n\t\t<div id=\"ld-fancy-heading-69f299edaad7c\" class=\"ld-fancy-heading pos-rel\">\n\t\t\t<h2 class=\"ld-fh-element d-inline-block pos-rel  elementor-heading-title lqd-highlight-classic lqd-highlight-grow-left h2\"  > Who we are<\/h2>\t\t<\/div>\n\n\t\t\t\t<\/div>\n\t\t\t\t<\/div>\n\t\t\t\t<div class=\"elementor-element elementor-element-71233df elementor-widget elementor-widget-hub_fancy_heading\" data-id=\"71233df\" data-element_type=\"widget\" data-widget_type=\"hub_fancy_heading.default\">\n\t\t\t\t<div class=\"elementor-widget-container\">\n\t\t\t\n\t\t<div id=\"ld-fancy-heading-69f299edadb67\" class=\"ld-fancy-heading pos-rel\">\n\t\t\t<p class=\"ld-fh-element d-inline-block pos-rel  lqd-highlight-classic lqd-highlight-grow-left p\"  > The website www.sabirengenharias.pt is owned by the company Sabir Engenharias - Constru\u00e7\u00e3o e Projetos, Unipessoal Lda, headquartered at Avenida 25 de Abril, n\u00ba 21 - Sweet Atlantic Hotel &amp; Spa 3080-086 Coimbra, legal person n\u00ba 515984167 .<\/p>\t\t<\/div>\n\n\t\t\t\t<\/div>\n\t\t\t\t<\/div>\n\t\t\t\t<div class=\"elementor-element elementor-element-922c1d5 elementor-widget elementor-widget-hub_fancy_heading\" data-id=\"922c1d5\" data-element_type=\"widget\" data-widget_type=\"hub_fancy_heading.default\">\n\t\t\t\t<div class=\"elementor-widget-container\">\n\t\t\t\n\t\t<div id=\"ld-fancy-heading-69f299edb087e\" class=\"ld-fancy-heading pos-rel\">\n\t\t\t<h2 class=\"ld-fh-element d-inline-block pos-rel  elementor-heading-title lqd-highlight-classic lqd-highlight-grow-left h2\"  > Importance<\/h2>\t\t<\/div>\n\n\t\t\t\t<\/div>\n\t\t\t\t<\/div>\n\t\t\t\t<div class=\"elementor-element elementor-element-8a22647 elementor-widget elementor-widget-hub_fancy_heading\" data-id=\"8a22647\" data-element_type=\"widget\" data-widget_type=\"hub_fancy_heading.default\">\n\t\t\t\t<div class=\"elementor-widget-container\">\n\t\t\t\n\t\t<div id=\"ld-fancy-heading-69f299edbffaf\" class=\"ld-fancy-heading pos-rel\">\n\t\t\t<p class=\"ld-fh-element d-inline-block pos-rel  lqd-highlight-classic lqd-highlight-grow-left p\"  > This policy on privacy protection, processing of personal data, and use of cookies constitutes a fundamental commitment for us with all those who interact with us. Therefore, we advise you to read this document which represents our privacy policy.\n<br>\nWe respect the privacy of all our customers and visitors. We are committed to safeguarding any personal information shared by our customers and users. However, when it is necessary to collect personal information to make our services available or when each user decides to provide some of their personal data, the use of said data will be carried out in accordance with the applicable legislation on the protection of personal data - Law 67\/98 of October 26, Data Protection Law - so that the security and confidentiality of the personal data provided is ensured.\n\n<\/p>\t\t<\/div>\n\n\t\t\t\t<\/div>\n\t\t\t\t<\/div>\n\t\t\t\t<div class=\"elementor-element elementor-element-b7c203d elementor-widget elementor-widget-hub_fancy_heading\" data-id=\"b7c203d\" data-element_type=\"widget\" data-widget_type=\"hub_fancy_heading.default\">\n\t\t\t\t<div class=\"elementor-widget-container\">\n\t\t\t\n\t\t<div id=\"ld-fancy-heading-69f299edc2e9c\" class=\"ld-fancy-heading pos-rel\">\n\t\t\t<h2 class=\"ld-fh-element d-inline-block pos-rel  elementor-heading-title lqd-highlight-classic lqd-highlight-grow-left h2\"  > Rights<\/h2>\t\t<\/div>\n\n\t\t\t\t<\/div>\n\t\t\t\t<\/div>\n\t\t\t\t<div class=\"elementor-element elementor-element-641d043 elementor-widget elementor-widget-hub_fancy_heading\" data-id=\"641d043\" data-element_type=\"widget\" data-widget_type=\"hub_fancy_heading.default\">\n\t\t\t\t<div class=\"elementor-widget-container\">\n\t\t\t\n\t\t<div id=\"ld-fancy-heading-69f299edc5a4f\" class=\"ld-fancy-heading pos-rel\">\n\t\t\t<p class=\"ld-fh-element d-inline-block pos-rel  lqd-highlight-classic lqd-highlight-grow-left p\"  > Regarding the data and personal information provided, we always guarantee our customers and users, in accordance with the law, that they have the following rights:\n\n<br>- Right of access;\n<br>- Right to be forgotten;\n<br>- Right to data portability;\n<br>- Right to object;<\/p>\t\t<\/div>\n\n\t\t\t\t<\/div>\n\t\t\t\t<\/div>\n\t\t\t\t<div class=\"elementor-element elementor-element-2e50606 elementor-widget elementor-widget-hub_fancy_heading\" data-id=\"2e50606\" data-element_type=\"widget\" data-widget_type=\"hub_fancy_heading.default\">\n\t\t\t\t<div class=\"elementor-widget-container\">\n\t\t\t\n\t\t<div id=\"ld-fancy-heading-69f299edc8c4c\" class=\"ld-fancy-heading pos-rel\">\n\t\t\t<h2 class=\"ld-fh-element d-inline-block pos-rel  elementor-heading-title lqd-highlight-classic lqd-highlight-grow-left h2\"  > Cookie Policy<\/h2>\t\t<\/div>\n\n\t\t\t\t<\/div>\n\t\t\t\t<\/div>\n\t\t\t\t<div class=\"elementor-element elementor-element-8e220f7 elementor-widget elementor-widget-hub_fancy_heading\" data-id=\"8e220f7\" data-element_type=\"widget\" data-widget_type=\"hub_fancy_heading.default\">\n\t\t\t\t<div class=\"elementor-widget-container\">\n\t\t\t\n\t\t<div id=\"ld-fancy-heading-69f299edd7a92\" class=\"ld-fancy-heading pos-rel\">\n\t\t\t<p class=\"ld-fh-element d-inline-block pos-rel  lqd-highlight-classic lqd-highlight-grow-left p\"  > As is common practice with almost all professional websites this one uses cookies, which are small files that are downloaded to your computer, to improve your experience. This page describes what information they collect, how we use it and why we sometimes need to store these cookies. We will also share how you can prevent these cookies from being stored.<br>\n<br>\nHow they are used:<br>\nWe use cookies for a number of reasons, detailed below. Unfortunately, in most cases, there are no industry standard options for disabling cookies without completely disabling the functionality and features they add to this website. It is recommended that you leave all cookies out if you are unsure whether or not you need them if they are used to provide a service you use.<br><br>\nHow to disable:<br>\nYou can prevent the setting of cookies by adjusting your browser settings (see your browser's Help to find out how). Please be aware that disabling cookies will affect the functionality of this and many other websites you visit. Disabling cookies will generally result in disabling certain functionality and features of this website. Therefore, it is recommended that you do not disable cookies.<\/p>\t\t<\/div>\n\n\t\t\t\t<\/div>\n\t\t\t\t<\/div>\n\t\t\t\t<div class=\"elementor-element elementor-element-d193706 elementor-widget elementor-widget-hub_fancy_heading\" data-id=\"d193706\" data-element_type=\"widget\" data-widget_type=\"hub_fancy_heading.default\">\n\t\t\t\t<div class=\"elementor-widget-container\">\n\t\t\t\n\t\t<div id=\"ld-fancy-heading-69f299eddaba9\" class=\"ld-fancy-heading pos-rel\">\n\t\t\t<h2 class=\"ld-fh-element d-inline-block pos-rel  elementor-heading-title lqd-highlight-classic lqd-highlight-grow-left h2\"  > Updates<\/h2>\t\t<\/div>\n\n\t\t\t\t<\/div>\n\t\t\t\t<\/div>\n\t\t\t\t<div class=\"elementor-element elementor-element-965d8d5 elementor-widget elementor-widget-hub_fancy_heading\" data-id=\"965d8d5\" data-element_type=\"widget\" data-widget_type=\"hub_fancy_heading.default\">\n\t\t\t\t<div class=\"elementor-widget-container\">\n\t\t\t\n\t\t<div id=\"ld-fancy-heading-69f299eddd3ab\" class=\"ld-fancy-heading pos-rel\">\n\t\t\t<p class=\"ld-fh-element d-inline-block pos-rel  lqd-highlight-classic lqd-highlight-grow-left p\"  > Sabir Engenharias reserves the right to change this agreement without prior notice, considering that this privacy policy is subject to constant changes resulting from changes in the law in force. Changes to this privacy policy will come into force when they are published on the website. Last revision of this document: April 1, 2023.<\/p>\t\t<\/div>\n\n\t\t\t\t<\/div>\n\t\t\t\t<\/div>\n\t\t\t\t\t<\/div>\n\t\t<\/div>\n\t\t\t\t\t\t\t<\/div>\n\t\t<\/section>\n\t\t\t\t\t\t\t<\/div>","protected":false},"excerpt":{"rendered":"<p>Pol\u00edtica de Privacidade Quem Somos O site www.sabirengenharias.pt \u00e9 propriedade da empresa Sabir Engenharias &#8211; Constru\u00e7\u00e3o e Projetos, Unipessoal Lda, com sede em Avenida 25 de Abril, n\u00ba 21 &#8211; Sweet Atlantic Hotel &amp; Spa 3080-086 Coimbra, pessoa coletiva n\u00b0 515984167 . Import\u00e2ncia A presente pol\u00edtica de prote\u00e7\u00e3o de privacidade, tratamento dos dados pessoais, e [&hellip;]<\/p>","protected":false},"author":1,"featured_media":0,"parent":0,"menu_order":0,"comment_status":"closed","ping_status":"closed","template":"","meta":{"footnotes":""},"class_list":["post-3","page","type-page","status-publish","hentry"],"_links":{"self":[{"href":"https:\/\/sabirengenharias.pt\/en\/wp-json\/wp\/v2\/pages\/3","targetHints":{"allow":["GET"]}}],"collection":[{"href":"https:\/\/sabirengenharias.pt\/en\/wp-json\/wp\/v2\/pages"}],"about":[{"href":"https:\/\/sabirengenharias.pt\/en\/wp-json\/wp\/v2\/types\/page"}],"author":[{"embeddable":true,"href":"https:\/\/sabirengenharias.pt\/en\/wp-json\/wp\/v2\/users\/1"}],"replies":[{"embeddable":true,"href":"https:\/\/sabirengenharias.pt\/en\/wp-json\/wp\/v2\/comments?post=3"}],"version-history":[{"count":3,"href":"https:\/\/sabirengenharias.pt\/en\/wp-json\/wp\/v2\/pages\/3\/revisions"}],"predecessor-version":[{"id":9405,"href":"https:\/\/sabirengenharias.pt\/en\/wp-json\/wp\/v2\/pages\/3\/revisions\/9405"}],"wp:attachment":[{"href":"https:\/\/sabirengenharias.pt\/en\/wp-json\/wp\/v2\/media?parent=3"}],"curies":[{"name":"wp","href":"https:\/\/api.w.org\/{rel}","templated":true}]}}